{"id":68,"date":"2026-01-28T16:48:49","date_gmt":"2026-01-28T15:48:49","guid":{"rendered":"https:\/\/wp.gruene-fronhausen.de\/?page_id=68"},"modified":"2026-03-03T20:23:29","modified_gmt":"2026-03-03T19:23:29","slug":"unser-programm","status":"publish","type":"page","link":"https:\/\/gruene-fronhausen.de\/?page_id=68","title":{"rendered":"Unser Programm"},"content":{"rendered":"<div id=\"pl-68\"  class=\"panel-layout\" ><div id=\"pg-68-0\"  class=\"panel-grid panel-no-style\" ><div id=\"pgc-68-0-0\"  class=\"panel-grid-cell\" ><div id=\"panel-68-0-0-0\" class=\"so-panel widget widget_sow-editor panel-first-child\" data-index=\"0\" ><div\n\t\t\t\n\t\t\tclass=\"so-widget-sow-editor so-widget-sow-editor-base\"\n\t\t\t\n\t\t><h3 class=\"widget-title\">Daf\u00fcr stehen Wir<\/h3>\n<div class=\"siteorigin-widget-tinymce textwidget\">\n\t<h6>GR\u00dcNE Fronhausen \u2013 unsere Ideen und Ziele<\/h6>\n<p>Wir stehen f\u00fcr Umweltschutz und Klimaneutralit\u00e4t, nachhaltige Mobilit\u00e4t, ein breites Kulturangebot, Angebote f\u00fcr Kinder, Jugend und \u00c4ltere, verst\u00e4rkte Inklusion und die gleichberechtigte Ber\u00fccksichtigung der Interessen aller Ortsteile. Wir werden konsequent f\u00fcr Demokratie und gegen Rechtsextremismus eintreten.<\/p>\n<p><strong>Gemeinschaft und Infrastruktur st\u00e4rken<\/strong><br \/>\n\u00b7 Erhaltung der Dorfgemeinschafts- und B\u00fcrgerh\u00e4user als Orte der Begegnungen; Nutzungskonzepte<br \/>\nentwickeln, z. B. Co-Working-Pl\u00e4tze, Repair-Caf\u00e9, Dorfflohmarkt, VHS-Kurse etc.<br \/>\n\u00b7 Vereine und Ehrenamt st\u00e4rken, Inklusion und Integration f\u00f6rdern<br \/>\n\u00b7 Teilhabe und Mitbestimmung erm\u00f6glichen, z. B. Jugendparlament, Seniorenbeirat<br \/>\n\u00b7 Verl\u00e4ssliche Kinderbetreuungsangebote<br \/>\n\u00b7 Spielpl\u00e4tze als Treffpunkt der Generationen<br \/>\n\u00b7 Unterst\u00fctzung von kulturellen Veranstaltungen<br \/>\n\u00b7 Barrierefreiheit in \u00f6ffentlichen Geb\u00e4uden, auf Stra\u00dfen und im digitalen Bereich<br \/>\n\u00b7 Lokale Bioenergieprojekte mit starker B\u00fcrgerbeteiligung und direkter Stromnutzung in der Gemeinde<br \/>\n\u00b7 Ressourcenschonende, lokale Wirtschaft unterst\u00fctzen<\/p>\n<p><strong>Klimaschutz, Natur und Umwelt<\/strong><br \/>\n\u00b7 Klimaanpassungsplan weiterentwickeln und z\u00fcgig umsetzen<br \/>\n\u00b7 Energieeffizienz kommunaler Geb\u00e4ude erh\u00f6hen<br \/>\n\u00b7 F\u00f6rderung von Entsiegelungen, auch als Ausgleich f\u00fcr neuen Fl\u00e4chenverbrauch<br \/>\n\u00b7 Energiesparende Stra\u00dfenbeleuchtung und Reduzierung der Lichtverschmutzung<br \/>\n\u00b7 Info-Veranstaltungen zu klimafreundlicher und \u00f6kologischer Gestaltung von privaten Geb\u00e4uden, G\u00e4rten und W\u00e4ldern<br \/>\n\u00b7 Streuobstwieseng\u00fcrtel und Biotope an Ortsr\u00e4ndern, Bl\u00fchwiesenprojekte sowie mehr B\u00e4ume im \u00f6ffentlichen Raum<br \/>\n\u00b7 Entwicklung einer Baumsatzung<br \/>\n\u00b7 Friedh\u00f6fe naturnah gestalten, Friedhofssatzung modernisieren und liberalisieren<\/p>\n<p><strong>Mobilit\u00e4t neu denken<\/strong><br \/>\n\u00b7 Engagement f\u00fcr Ausbau des Radwegenetzes: Oberwalgern - Fronhausen, Fronhausen \u2013 Niederwalgern;<br \/>\nmehr Sicherheit auf Rad-und Fu\u00dfwegen durch regelm\u00e4\u00dfige Reinigung und Winterdienst, Beleuchtung und Markierungen<br \/>\n\u00b7 Tempo 30 in allen Ortsteilen, verbesserter L\u00e4rmschutz<br \/>\n\u00b7 Ausreichend \u00fcberdachte und auch f\u00fcr E-Bikes und Lastenfahrr\u00e4der geeignete Fahrradst\u00e4nder am Bahnhof<br \/>\n\u00b7 Ausbau der \u00d6PNV-Verbindungen, insbesondere Ost-West Achse, F\u00f6rderung des B\u00fcrgerbusses<br \/>\n\u00b7 Schulbusanbindung an Betreuungsangebote; verl\u00e4ssliche Busverbindungen zu Grundschule und Kinderg\u00e4rten<br \/>\n\u00b7 Car-Sharing, E-Bikes, Leih-Cargobikes, \u201eStifti\u201d<br \/>\n\u00b7 Mehr Ladestationen f\u00fcr E-Autos und E-Fahrr\u00e4der<\/p>\n<p>&nbsp;<\/p>\n<p>&nbsp;<\/p>\n<p>&nbsp;<\/p>\n<\/div>\n<\/div><\/div><div id=\"panel-68-0-0-1\" class=\"so-panel widget widget_sow-editor panel-last-child\" data-index=\"1\" ><div\n\t\t\t\n\t\t\tclass=\"so-widget-sow-editor so-widget-sow-editor-base\"\n\t\t\t\n\t\t><h3 class=\"widget-title\">Themen<\/h3>\n<div class=\"siteorigin-widget-tinymce textwidget\">\n\t<p class=\"s3\"><span class=\"s2\">Gemeinsam f\u00fcr den Erhalt der Dorfgemeinschafts- und B\u00fcrgerh\u00e4user in unserer Gemeinde <\/span><\/p>\n<p class=\"s3\"><span class=\"s4\">\u00a0<\/span><\/p>\n<p class=\"s3\"><span class=\"s4\">Dorfgemeinschaftsh\u00e4user sind Orte der Begegnung und des Austauschs, sie geh\u00f6ren zum Kern der Identit\u00e4t von Gemeinden. Sie sind oft die letzten Orte, die f\u00fcr die Gemeinschaft aller B\u00fcrgerinnen und B\u00fcrger in unseren Ortsteilen zur Verf\u00fcgung stehen \u2013 sie k\u00f6nnen Jugendtreffs, Vereinen, ehrenamtlichen Organisationen und Kultur Raum geben. Sie m\u00fcssen daher zum Erhalt und zur F\u00f6rderung unserer Dorfgemeinschaften sowie als wichtige Bestandteile demokratischer Infrastruktur bestehen bleiben \u2013 gerade jetzt in Zeiten gro\u00dfer Gefahr f\u00fcr unsere Demokratie!<\/span><\/p>\n<p class=\"s3\"><span class=\"s4\">In der AG Liegenschaften wird aktuell \u00fcber die Zukunft der Dorfgemeinschaftsh\u00e4user aller sieben Ortsteile unserer Gemeinde beraten. Wir als Ortsgruppe von B\u00fcndnis90\/ Die Gr\u00fcnen in Fronhausen sind der Absicht, dass eine solche Diskussion \u00f6ffentlich, transparent und unter Beteiligung der B\u00fcrger stattfinden sollte. Es ist uns bewusst, dass der Erhalt der Dorfgemeinschaftsh\u00e4user mit Kosten verbunden ist. Daher ist es erforderlich, dass wir gemeinsam tragf\u00e4hige Nutzungskonzepte entwickeln, die einerseits Ideen f\u00fcr Veranstaltungen in den Dorfgemeinschaftsh\u00e4usern beinhalten und andererseits die daraus potenziell zu erzielenden Einnahmen zur Deckung zumindest der Unterhaltskosten darstellen.<\/span><\/p>\n<p class=\"s3\"><span class=\"s4\">Wir als Ortsgruppe der Gr\u00fcnen hatten daher zu einem Gespr\u00e4chsnachmittag bei frischen Waffeln, Kaffee und Tee in Dorfgemeinschaftshaus in Bellnhausen eingeladen, um mit interessierten B\u00fcrgerinnen und B\u00fcrgern \u00fcber das Thema zu diskutieren und Ideen zu sammeln.<\/span><\/p>\n<p>&nbsp;<\/p>\n<\/div>\n<\/div><\/div><\/div><\/div><\/div>","protected":false},"excerpt":{"rendered":"<p>GR\u00dcNE Fronhausen \u2013 unsere Ideen und Ziele Wir stehen f\u00fcr Umweltschutz und Klimaneutralit\u00e4t, nachhaltige Mobilit\u00e4t, ein breites Kulturangebot, Angebote f\u00fcr Kinder, Jugend und \u00c4ltere, verst\u00e4rkte Inklusion und die gleichberechtigte Ber\u00fccksichtigung [&hellip;]<\/p>\n","protected":false},"author":1,"featured_media":0,"parent":0,"menu_order":0,"comment_status":"closed","ping_status":"closed","template":"","meta":{"footnotes":""},"class_list":["post-68","page","type-page","status-publish","hentry"],"_links":{"self":[{"href":"https:\/\/gruene-fronhausen.de\/index.php?rest_route=\/wp\/v2\/pages\/68","targetHints":{"allow":["GET"]}}],"collection":[{"href":"https:\/\/gruene-fronhausen.de\/index.php?rest_route=\/wp\/v2\/pages"}],"about":[{"href":"https:\/\/gruene-fronhausen.de\/index.php?rest_route=\/wp\/v2\/types\/page"}],"author":[{"embeddable":true,"href":"https:\/\/gruene-fronhausen.de\/index.php?rest_route=\/wp\/v2\/users\/1"}],"replies":[{"embeddable":true,"href":"https:\/\/gruene-fronhausen.de\/index.php?rest_route=%2Fwp%2Fv2%2Fcomments&post=68"}],"version-history":[{"count":6,"href":"https:\/\/gruene-fronhausen.de\/index.php?rest_route=\/wp\/v2\/pages\/68\/revisions"}],"predecessor-version":[{"id":181,"href":"https:\/\/gruene-fronhausen.de\/index.php?rest_route=\/wp\/v2\/pages\/68\/revisions\/181"}],"wp:attachment":[{"href":"https:\/\/gruene-fronhausen.de\/index.php?rest_route=%2Fwp%2Fv2%2Fmedia&parent=68"}],"curies":[{"name":"wp","href":"https:\/\/api.w.org\/{rel}","templated":true}]}}