{"id":62,"date":"2026-01-28T16:42:18","date_gmt":"2026-01-28T15:42:18","guid":{"rendered":"https:\/\/wp.gruene-fronhausen.de\/?page_id=62"},"modified":"2026-03-03T20:19:37","modified_gmt":"2026-03-03T19:19:37","slug":"termine","status":"publish","type":"page","link":"https:\/\/gruene-fronhausen.de\/?page_id=62","title":{"rendered":"Termine"},"content":{"rendered":"<div id=\"pl-62\"  class=\"panel-layout\" ><div id=\"pg-62-0\"  class=\"panel-grid panel-no-style\" ><div id=\"pgc-62-0-0\"  class=\"panel-grid-cell panel-grid-cell-empty\" ><\/div><\/div><div id=\"pg-62-1\"  class=\"panel-grid panel-no-style\" ><div id=\"pgc-62-1-0\"  class=\"panel-grid-cell\" ><div id=\"panel-62-1-0-0\" class=\"so-panel widget widget_sow-editor panel-first-child panel-last-child\" data-index=\"0\" ><div\n\t\t\t\n\t\t\tclass=\"so-widget-sow-editor so-widget-sow-editor-base\"\n\t\t\t\n\t\t><h3 class=\"widget-title\">Unsere Termine f\u00fcr die Wahl am 15.3.2026<\/h3>\n<div class=\"siteorigin-widget-tinymce textwidget\">\n\t<p>31.01.2026 13:00 bis 17:00 Uhr - Infostand am REWE-Markt Fronhausen<\/p>\n<p>07.02.2026 14:00 bis 16:00 Uhr - Waffelessen und Gespr\u00e4che am BGH Bellnhausen, Struthweg 1<\/p>\n<p>21.02.2026 13:00 bis 16:00 Uhr - Infostand am REWE-Markt Fronhausen, gemeinsam mit Johannes Neuhaus, Listenplatz 8 der GR\u00dcNEN f\u00fcr den Kreistag und Mathias Wagner, Fraktionsvorsitzender der GR\u00dcNEN im hessischen Landtag<\/p>\n<p>08.03.2026 14:00 bis 16:00 Uhr - Waffelessen und Gespr\u00e4che am Internationalen Frauentag - M\u00e4nner backen f\u00fcr Frauen, in Sichertshausen an der alten B3, Zufahrt zur Sichertsh\u00e4user Lahnbr\u00fccke<\/p>\n<p>14.03.2026 10:00 bis 13:00 Uhr - Unentschlossen? Wir Flyern vor dem REWE-Markt in Fronhausen. Sprechen Sie uns gerne an.<\/p>\n<p>&nbsp;<\/p>\n<\/div>\n<\/div><\/div><\/div><\/div><\/div>","protected":false},"excerpt":{"rendered":"<p>31.01.2026 13:00 bis 17:00 Uhr &#8211; Infostand am REWE-Markt Fronhausen 07.02.2026 14:00 bis 16:00 Uhr &#8211; Waffelessen und Gespr\u00e4che am BGH Bellnhausen, Struthweg 1 21.02.2026 13:00 bis 16:00 Uhr &#8211; [&hellip;]<\/p>\n","protected":false},"author":1,"featured_media":0,"parent":0,"menu_order":0,"comment_status":"closed","ping_status":"closed","template":"","meta":{"footnotes":""},"class_list":["post-62","page","type-page","status-publish","hentry"],"_links":{"self":[{"href":"https:\/\/gruene-fronhausen.de\/index.php?rest_route=\/wp\/v2\/pages\/62","targetHints":{"allow":["GET"]}}],"collection":[{"href":"https:\/\/gruene-fronhausen.de\/index.php?rest_route=\/wp\/v2\/pages"}],"about":[{"href":"https:\/\/gruene-fronhausen.de\/index.php?rest_route=\/wp\/v2\/types\/page"}],"author":[{"embeddable":true,"href":"https:\/\/gruene-fronhausen.de\/index.php?rest_route=\/wp\/v2\/users\/1"}],"replies":[{"embeddable":true,"href":"https:\/\/gruene-fronhausen.de\/index.php?rest_route=%2Fwp%2Fv2%2Fcomments&post=62"}],"version-history":[{"count":11,"href":"https:\/\/gruene-fronhausen.de\/index.php?rest_route=\/wp\/v2\/pages\/62\/revisions"}],"predecessor-version":[{"id":180,"href":"https:\/\/gruene-fronhausen.de\/index.php?rest_route=\/wp\/v2\/pages\/62\/revisions\/180"}],"wp:attachment":[{"href":"https:\/\/gruene-fronhausen.de\/index.php?rest_route=%2Fwp%2Fv2%2Fmedia&parent=62"}],"curies":[{"name":"wp","href":"https:\/\/api.w.org\/{rel}","templated":true}]}}